{"id":13486,"date":"2023-10-30T17:43:56","date_gmt":"2023-10-30T16:43:56","guid":{"rendered":"https:\/\/belt-tech.com\/produit\/5798-51-2\/"},"modified":"2025-12-19T21:02:39","modified_gmt":"2025-12-19T20:02:39","slug":"5798-51","status":"publish","type":"product","link":"https:\/\/belt-tech.com\/es\/produit\/5798-51\/","title":{"rendered":"5798\/51"},"content":{"rendered":"<p>Correas de poli\u00e9ster con orillos ultrarresistentes, que brindan mayor protecci\u00f3n contra el desgaste prematuro y la rotura, y son m\u00e1s r\u00edgidas para lograr un mejor despliegue<\/p>\n<p>Disponible en color liso<\/p>\n<p>Uso: carga, remolque, aseguramiento de cargas\u2026<\/p>\n<p>Inspeccionadas y probadas seg\u00fan las normas m\u00e1s rigurosas de la industria<\/p>\n","protected":false},"excerpt":{"rendered":"<p>Correa de estiba de poli\u00e9ster para remolques<\/p>\n","protected":false},"featured_media":1323,"comment_status":"open","ping_status":"closed","template":"","meta":{"_acf_changed":false},"product_cat":[314],"product_tag":[],"class_list":{"0":"post-13486","1":"product","2":"type-product","3":"status-publish","4":"has-post-thumbnail","6":"product_cat-sin-categorizar","8":"first","9":"instock","10":"taxable","11":"shipping-taxable","12":"purchasable","13":"product-type-variable","14":"has-default-attributes"},"acf":[],"aioseo_notices":[],"_links":{"self":[{"href":"https:\/\/belt-tech.com\/es\/wp-json\/wp\/v2\/product\/13486","targetHints":{"allow":["GET"]}}],"collection":[{"href":"https:\/\/belt-tech.com\/es\/wp-json\/wp\/v2\/product"}],"about":[{"href":"https:\/\/belt-tech.com\/es\/wp-json\/wp\/v2\/types\/product"}],"replies":[{"embeddable":true,"href":"https:\/\/belt-tech.com\/es\/wp-json\/wp\/v2\/comments?post=13486"}],"wp:featuredmedia":[{"embeddable":true,"href":"https:\/\/belt-tech.com\/es\/wp-json\/wp\/v2\/media\/1323"}],"wp:attachment":[{"href":"https:\/\/belt-tech.com\/es\/wp-json\/wp\/v2\/media?parent=13486"}],"wp:term":[{"taxonomy":"product_cat","embeddable":true,"href":"https:\/\/belt-tech.com\/es\/wp-json\/wp\/v2\/product_cat?post=13486"},{"taxonomy":"product_tag","embeddable":true,"href":"https:\/\/belt-tech.com\/es\/wp-json\/wp\/v2\/product_tag?post=13486"}],"curies":[{"name":"wp","href":"https:\/\/api.w.org\/{rel}","templated":true}]}}