{"id":13481,"date":"2023-10-30T17:55:29","date_gmt":"2023-10-30T16:55:29","guid":{"rendered":"https:\/\/belt-tech.com\/produit\/6106-25-2\/"},"modified":"2025-12-19T20:53:07","modified_gmt":"2025-12-19T19:53:07","slug":"6106-25","status":"publish","type":"product","link":"https:\/\/belt-tech.com\/es\/produit\/6106-25\/","title":{"rendered":"6106\/25"},"content":{"rendered":"<p>Belt-Tech dise\u00f1a eslingas que pueden soportar cargas de m\u00e1s de 50\u202f000 kg en una gama personalizada de anchos y colores&#8230;<\/p>\n<p>Belt-Tech lanz\u00f3 recientemente al mercado una correa \u00fanica con orillos ultrarresistentes. Permiti\u00f3 incrementar la durabilidad de estas correas en un 40\u202f%.<\/p>\n<p>Disponible en color liso<\/p>\n<p>Inspeccionadas y probadas seg\u00fan las normas m\u00e1s rigurosas de la industria<\/p>\n","protected":false},"excerpt":{"rendered":"<p>Correa de poli\u00e9ster para eslingas y estibas<\/p>\n","protected":false},"featured_media":1332,"comment_status":"open","ping_status":"closed","template":"","meta":{"_acf_changed":false},"product_cat":[314],"product_tag":[],"class_list":{"0":"post-13481","1":"product","2":"type-product","3":"status-publish","4":"has-post-thumbnail","6":"product_cat-sin-categorizar","8":"first","9":"instock","10":"taxable","11":"shipping-taxable","12":"purchasable","13":"product-type-variable","14":"has-default-attributes"},"acf":[],"aioseo_notices":[],"_links":{"self":[{"href":"https:\/\/belt-tech.com\/es\/wp-json\/wp\/v2\/product\/13481","targetHints":{"allow":["GET"]}}],"collection":[{"href":"https:\/\/belt-tech.com\/es\/wp-json\/wp\/v2\/product"}],"about":[{"href":"https:\/\/belt-tech.com\/es\/wp-json\/wp\/v2\/types\/product"}],"replies":[{"embeddable":true,"href":"https:\/\/belt-tech.com\/es\/wp-json\/wp\/v2\/comments?post=13481"}],"wp:featuredmedia":[{"embeddable":true,"href":"https:\/\/belt-tech.com\/es\/wp-json\/wp\/v2\/media\/1332"}],"wp:attachment":[{"href":"https:\/\/belt-tech.com\/es\/wp-json\/wp\/v2\/media?parent=13481"}],"wp:term":[{"taxonomy":"product_cat","embeddable":true,"href":"https:\/\/belt-tech.com\/es\/wp-json\/wp\/v2\/product_cat?post=13481"},{"taxonomy":"product_tag","embeddable":true,"href":"https:\/\/belt-tech.com\/es\/wp-json\/wp\/v2\/product_tag?post=13481"}],"curies":[{"name":"wp","href":"https:\/\/api.w.org\/{rel}","templated":true}]}}