{"id":13455,"date":"2023-10-30T18:59:11","date_gmt":"2023-10-30T17:59:11","guid":{"rendered":"https:\/\/belt-tech.com\/produit\/41100-2\/"},"modified":"2025-12-19T22:08:52","modified_gmt":"2025-12-19T21:08:52","slug":"41100","status":"publish","type":"product","link":"https:\/\/belt-tech.com\/es\/produit\/41100\/","title":{"rendered":"41100"},"content":{"rendered":"<p>Correa de poli\u00e9ster aprobada conforme a las normas FMVSS209 y FMVSS 302, as\u00ed como por todos los fabricantes automotrices y aeron\u00e1uticos<\/p>\n<p>Uso: Correa de seguridad para conductor, pasajero, tripulaci\u00f3n, red de retenci\u00f3n, arn\u00e9s de seguridad.<\/p>\n<p>Disponible en colores lisos, bicolores o con impresi\u00f3n personalizada<\/p>\n<p>C\u00f3moda, lavable y duradera, gracias al acabado exclusivo de Belt-Tech<\/p>\n<p>Inspeccionadas y probadas seg\u00fan las normas m\u00e1s rigurosas de la industria<\/p>\n","protected":false},"excerpt":{"rendered":"<p>Correa de seguridad negra para veh\u00edculos con orillos de color anchos<\/p>\n","protected":false},"featured_media":1432,"comment_status":"open","ping_status":"closed","template":"","meta":{"_acf_changed":false},"product_cat":[314],"product_tag":[],"class_list":{"0":"post-13455","1":"product","2":"type-product","3":"status-publish","4":"has-post-thumbnail","6":"product_cat-sin-categorizar","8":"first","9":"instock","10":"taxable","11":"shipping-taxable","12":"purchasable","13":"product-type-variable","14":"has-default-attributes"},"acf":[],"aioseo_notices":[],"_links":{"self":[{"href":"https:\/\/belt-tech.com\/es\/wp-json\/wp\/v2\/product\/13455","targetHints":{"allow":["GET"]}}],"collection":[{"href":"https:\/\/belt-tech.com\/es\/wp-json\/wp\/v2\/product"}],"about":[{"href":"https:\/\/belt-tech.com\/es\/wp-json\/wp\/v2\/types\/product"}],"replies":[{"embeddable":true,"href":"https:\/\/belt-tech.com\/es\/wp-json\/wp\/v2\/comments?post=13455"}],"wp:featuredmedia":[{"embeddable":true,"href":"https:\/\/belt-tech.com\/es\/wp-json\/wp\/v2\/media\/1432"}],"wp:attachment":[{"href":"https:\/\/belt-tech.com\/es\/wp-json\/wp\/v2\/media?parent=13455"}],"wp:term":[{"taxonomy":"product_cat","embeddable":true,"href":"https:\/\/belt-tech.com\/es\/wp-json\/wp\/v2\/product_cat?post=13455"},{"taxonomy":"product_tag","embeddable":true,"href":"https:\/\/belt-tech.com\/es\/wp-json\/wp\/v2\/product_tag?post=13455"}],"curies":[{"name":"wp","href":"https:\/\/api.w.org\/{rel}","templated":true}]}}