{"id":13440,"date":"2023-10-30T19:21:32","date_gmt":"2023-10-30T18:21:32","guid":{"rendered":"https:\/\/belt-tech.com\/?post_type=product&#038;p=13440"},"modified":"2026-01-20T19:36:16","modified_gmt":"2026-01-20T18:36:16","slug":"40103","status":"publish","type":"product","link":"https:\/\/belt-tech.com\/es\/produit\/40103\/","title":{"rendered":"40103\/47"},"content":{"rendered":"<p>Sangle de polyester approuv\u00e9es selon FMVSS209 et FMVSS 302 ainsi que tous les manufacturiers automobiles et avioniques<\/p>\n<p>Usage: Sangle de s\u00e9curit\u00e9 pour conducteur, passager, \u00e9quipage, filet de retenues, harnais de s\u00e9curit\u00e9<\/p>\n<p>Disponible en couleurs 2 tons, <!--StartFragment --><span class=\"cf0\">Couleurs personnalis\u00e9es disponible par commande sp\u00e9ciale. Prix\/Quantit\u00e9s minimales et d\u00e9lais de livraison peuvent vari\u00e9s.<\/span><!--EndFragment --><\/p>\n<p>Comfortabilit\u00e9, nettoyabilit\u00e9 et resistance accrue, grace au fini unique de Belt-Tech<\/p>\n<p>Inspect\u00e9 et test\u00e9 selon les normes les plus rigoureuses de l&#8217;industrie<\/p>\n","protected":false},"excerpt":{"rendered":"<p>Sangle de s\u00e9curit\u00e9 pour v\u00e9hicules color\u00e9es avec lignes noires de type course au centre<\/p>\n","protected":false},"featured_media":1419,"comment_status":"open","ping_status":"closed","template":"","meta":{"_acf_changed":false},"product_cat":[314],"product_tag":[],"class_list":{"0":"post-13440","1":"product","2":"type-product","3":"status-publish","4":"has-post-thumbnail","6":"product_cat-sin-categorizar","8":"first","9":"instock","10":"taxable","11":"shipping-taxable","12":"purchasable","13":"product-type-variable","14":"has-default-attributes"},"acf":[],"aioseo_notices":[],"_links":{"self":[{"href":"https:\/\/belt-tech.com\/es\/wp-json\/wp\/v2\/product\/13440","targetHints":{"allow":["GET"]}}],"collection":[{"href":"https:\/\/belt-tech.com\/es\/wp-json\/wp\/v2\/product"}],"about":[{"href":"https:\/\/belt-tech.com\/es\/wp-json\/wp\/v2\/types\/product"}],"replies":[{"embeddable":true,"href":"https:\/\/belt-tech.com\/es\/wp-json\/wp\/v2\/comments?post=13440"}],"wp:featuredmedia":[{"embeddable":true,"href":"https:\/\/belt-tech.com\/es\/wp-json\/wp\/v2\/media\/1419"}],"wp:attachment":[{"href":"https:\/\/belt-tech.com\/es\/wp-json\/wp\/v2\/media?parent=13440"}],"wp:term":[{"taxonomy":"product_cat","embeddable":true,"href":"https:\/\/belt-tech.com\/es\/wp-json\/wp\/v2\/product_cat?post=13440"},{"taxonomy":"product_tag","embeddable":true,"href":"https:\/\/belt-tech.com\/es\/wp-json\/wp\/v2\/product_tag?post=13440"}],"curies":[{"name":"wp","href":"https:\/\/api.w.org\/{rel}","templated":true}]}}