{"id":13334,"date":"2024-04-12T20:24:34","date_gmt":"2024-04-12T18:24:34","guid":{"rendered":"https:\/\/belt-tech.com\/produit\/6106-254\/"},"modified":"2025-12-19T17:13:14","modified_gmt":"2025-12-19T16:13:14","slug":"6106-254","status":"publish","type":"product","link":"https:\/\/belt-tech.com\/es\/produit\/6106-254\/","title":{"rendered":"6106\/254"},"content":{"rendered":"<p><span data-contrast=\"auto\">Belt-Tech\u00a0dise\u00f1a eslingas que pueden soportar cargas de m\u00e1s de 50\u202f000 kg en una gama personalizada de anchos y colores.<\/span><\/p>\n<p><span data-contrast=\"auto\">Belt-Tech\u00a0lanz\u00f3 recientemente al mercado una correa \u00fanica con orillos ultrarresistentes. Permiti\u00f3 incrementar la durabilidad de estas correas en un 40\u202f%.<\/span><\/p>\n<p><span data-contrast=\"auto\">Disponible en color liso<\/span><\/p>\n<p><span data-contrast=\"auto\">Inspeccionadas y probadas seg\u00fan las normas m\u00e1s rigurosas de la industria<\/span><\/p>\n","protected":false},"excerpt":{"rendered":"<p><span class=\"TextRun SCXW141454495 BCX0\" lang=\"ES-MX\" xml:lang=\"ES-MX\" data-contrast=\"auto\"><span class=\"NormalTextRun SCXW141454495 BCX0\">Correa de poli\u00e9ster para eslingas y estibas<\/span><\/span><\/p>\n","protected":false},"featured_media":1335,"comment_status":"open","ping_status":"closed","template":"","meta":{"_acf_changed":false},"product_cat":[314],"product_tag":[],"class_list":{"0":"post-13334","1":"product","2":"type-product","3":"status-publish","4":"has-post-thumbnail","6":"product_cat-sin-categorizar","8":"first","9":"instock","10":"taxable","11":"shipping-taxable","12":"purchasable","13":"product-type-variable","14":"has-default-attributes"},"acf":[],"aioseo_notices":[],"_links":{"self":[{"href":"https:\/\/belt-tech.com\/es\/wp-json\/wp\/v2\/product\/13334","targetHints":{"allow":["GET"]}}],"collection":[{"href":"https:\/\/belt-tech.com\/es\/wp-json\/wp\/v2\/product"}],"about":[{"href":"https:\/\/belt-tech.com\/es\/wp-json\/wp\/v2\/types\/product"}],"replies":[{"embeddable":true,"href":"https:\/\/belt-tech.com\/es\/wp-json\/wp\/v2\/comments?post=13334"}],"wp:featuredmedia":[{"embeddable":true,"href":"https:\/\/belt-tech.com\/es\/wp-json\/wp\/v2\/media\/1335"}],"wp:attachment":[{"href":"https:\/\/belt-tech.com\/es\/wp-json\/wp\/v2\/media?parent=13334"}],"wp:term":[{"taxonomy":"product_cat","embeddable":true,"href":"https:\/\/belt-tech.com\/es\/wp-json\/wp\/v2\/product_cat?post=13334"},{"taxonomy":"product_tag","embeddable":true,"href":"https:\/\/belt-tech.com\/es\/wp-json\/wp\/v2\/product_tag?post=13334"}],"curies":[{"name":"wp","href":"https:\/\/api.w.org\/{rel}","templated":true}]}}