{"id":1286,"date":"2023-06-09T17:32:07","date_gmt":"2023-06-09T15:32:07","guid":{"rendered":"https:\/\/belt-tech.com\/politica-de-privacidad\/"},"modified":"2023-10-26T15:17:09","modified_gmt":"2023-10-26T13:17:09","slug":"politica-de-privacidad","status":"publish","type":"page","link":"https:\/\/belt-tech.com\/es\/politica-de-privacidad\/","title":{"rendered":"Pol\u00edtica de privacidad"},"content":{"rendered":"<h1 class=\"wp-block-heading\">Pol\u00edtica de privacidad<\/h1><p>Nuestra empresa se compromete a proteger la privacidad de los usuarios de sus sitios web y servicios. Esta pol\u00edtica de privacidad explica c\u00f3mo recogemos, utilizamos y protegemos la informaci\u00f3n personal de los usuarios.<\/p><p><strong>Recogida de datos personales<\/strong><\/p><p>Recopilamos informaci\u00f3n personal de los usuarios cuando utilizan nuestros sitios web o servicios, incluida su direcci\u00f3n IP, historial de navegaci\u00f3n, preferencias y otros datos similares. Utilizamos esta informaci\u00f3n para proporcionar una experiencia de navegaci\u00f3n personalizada, ofrecer publicidad dirigida, mejorar nuestros productos y servicios y comunicarnos con los usuarios.<\/p><p><strong>Uso de la informaci\u00f3n personal<\/strong><\/p><p>Utilizamos la informaci\u00f3n personal recopilada para los fines espec\u00edficos para los que fue recogida. No transmitimos los datos personales de los usuarios a terceros, a menos que sea necesario para responder a una solicitud del usuario o lo exija la ley.<\/p><p><strong>Protecci\u00f3n de datos personales<\/strong><\/p><p>Tomamos medidas de seguridad para proteger la informaci\u00f3n personal de los usuarios contra p\u00e9rdidas, robos o accesos no autorizados. Aplicamos protocolos de seguridad para garantizar la confidencialidad de los datos de los usuarios, en particular mediante el uso de certificados SSL, cortafuegos y otras tecnolog\u00edas de seguridad.<\/p><p><strong>Derechos de los usuarios<\/strong><\/p><p>Los usuarios tienen derecho a acceder, rectificar y eliminar su informaci\u00f3n personal. Si desea ejercer estos derechos, p\u00f3ngase en contacto con nosotros en <a href=\"mailto:info@belt-tech.com\">info@belt-tech.com<\/a>.<\/p><p><strong>Cambios en la pol\u00edtica de privacidad<\/strong><\/p><p>Nos reservamos el derecho a modificar esta pol\u00edtica de privacidad en cualquier momento. Animamos a los usuarios a consultar esta p\u00e1gina con regularidad para mantenerse informados de cualquier cambio.<\/p><p><strong>Contacte con nosotros<\/strong><\/p><p>Si tiene alguna pregunta o duda sobre esta pol\u00edtica de privacidad o sobre el uso de su informaci\u00f3n personal, p\u00f3ngase en contacto con nosotros en <a href=\"mailto:info@belt-tech.com\">info@belt-tech.com<\/a>.<\/p>","protected":false},"excerpt":{"rendered":"<p>Pol\u00edtica de privacidad Nuestra empresa se compromete a proteger la privacidad de los usuarios de sus sitios web y servicios. Esta pol\u00edtica de privacidad explica c\u00f3mo recogemos, utilizamos y protegemos la informaci\u00f3n personal de los usuarios. Recogida de datos personales Recopilamos informaci\u00f3n personal de los usuarios cuando utilizan nuestros sitios web o servicios, incluida su [&hellip;]<\/p>\n","protected":false},"author":6,"featured_media":0,"parent":0,"menu_order":0,"comment_status":"closed","ping_status":"closed","template":"","meta":{"_acf_changed":false,"footnotes":""},"class_list":["post-1286","page","type-page","status-publish","hentry"],"acf":[],"aioseo_notices":[],"_links":{"self":[{"href":"https:\/\/belt-tech.com\/es\/wp-json\/wp\/v2\/pages\/1286","targetHints":{"allow":["GET"]}}],"collection":[{"href":"https:\/\/belt-tech.com\/es\/wp-json\/wp\/v2\/pages"}],"about":[{"href":"https:\/\/belt-tech.com\/es\/wp-json\/wp\/v2\/types\/page"}],"author":[{"embeddable":true,"href":"https:\/\/belt-tech.com\/es\/wp-json\/wp\/v2\/users\/6"}],"replies":[{"embeddable":true,"href":"https:\/\/belt-tech.com\/es\/wp-json\/wp\/v2\/comments?post=1286"}],"version-history":[{"count":1,"href":"https:\/\/belt-tech.com\/es\/wp-json\/wp\/v2\/pages\/1286\/revisions"}],"predecessor-version":[{"id":1287,"href":"https:\/\/belt-tech.com\/es\/wp-json\/wp\/v2\/pages\/1286\/revisions\/1287"}],"wp:attachment":[{"href":"https:\/\/belt-tech.com\/es\/wp-json\/wp\/v2\/media?parent=1286"}],"curies":[{"name":"wp","href":"https:\/\/api.w.org\/{rel}","templated":true}]}}