{"id":3694,"date":"2023-10-30T18:19:28","date_gmt":"2023-10-30T17:19:28","guid":{"rendered":"https:\/\/belt-tech.com\/produit\/6106-152\/"},"modified":"2024-06-05T14:34:47","modified_gmt":"2024-06-05T12:34:47","slug":"6106-152","status":"publish","type":"product","link":"https:\/\/belt-tech.com\/en\/produit\/6106-152\/","title":{"rendered":"6106\/152"},"content":{"rendered":"<p>Products Belt-Tech designs slings that can support loads of over 50,000 kgs in a customized range of widths and colors&#8230;<\/p>\n<p>Belt-Tech has recently launched a unique strap for its ultra-resistant selvedges. La long\u00e9vit\u00e9 de ces sangles est augment\u00e9e de 40 %.<\/p>\n<p>Available in solid color<\/p>\n<p>Inspected and tested to the most rigorous industry standards<\/p>\n","protected":false},"excerpt":{"rendered":"<p>Polyester belts for slings and lashings<\/p>\n","protected":false},"featured_media":1334,"comment_status":"open","ping_status":"closed","template":"","meta":{"_acf_changed":false},"product_cat":[245],"product_tag":[],"class_list":{"0":"post-3694","1":"product","2":"type-product","3":"status-publish","4":"has-post-thumbnail","6":"product_cat-uncategorized","8":"first","9":"instock","10":"taxable","11":"shipping-taxable","12":"purchasable","13":"product-type-variable","14":"has-default-attributes"},"acf":[],"aioseo_notices":[],"_links":{"self":[{"href":"https:\/\/belt-tech.com\/en\/wp-json\/wp\/v2\/product\/3694","targetHints":{"allow":["GET"]}}],"collection":[{"href":"https:\/\/belt-tech.com\/en\/wp-json\/wp\/v2\/product"}],"about":[{"href":"https:\/\/belt-tech.com\/en\/wp-json\/wp\/v2\/types\/product"}],"replies":[{"embeddable":true,"href":"https:\/\/belt-tech.com\/en\/wp-json\/wp\/v2\/comments?post=3694"}],"wp:featuredmedia":[{"embeddable":true,"href":"https:\/\/belt-tech.com\/en\/wp-json\/wp\/v2\/media\/1334"}],"wp:attachment":[{"href":"https:\/\/belt-tech.com\/en\/wp-json\/wp\/v2\/media?parent=3694"}],"wp:term":[{"taxonomy":"product_cat","embeddable":true,"href":"https:\/\/belt-tech.com\/en\/wp-json\/wp\/v2\/product_cat?post=3694"},{"taxonomy":"product_tag","embeddable":true,"href":"https:\/\/belt-tech.com\/en\/wp-json\/wp\/v2\/product_tag?post=3694"}],"curies":[{"name":"wp","href":"https:\/\/api.w.org\/{rel}","templated":true}]}}